{"id":1870,"date":"2020-01-13T10:08:02","date_gmt":"2020-01-13T10:08:02","guid":{"rendered":"https:\/\/irecco.wgl-demo.net\/?post_type=product&#038;p=1868"},"modified":"2022-09-13T11:00:12","modified_gmt":"2022-09-13T11:00:12","slug":"swm-4-8","status":"publish","type":"product","link":"https:\/\/www.soyutwindmill.com\/en\/product\/swm-4-8\/","title":{"rendered":"SWM 4.8"},"content":{"rendered":"<p class=\"p1\">60 m**<\/p>\n<p class=\"p2\">D=4,8 m<\/p>\n<table class=\"t1\" cellspacing=\"0\" cellpadding=\"0\">\n<tbody>\n<tr>\n<td class=\"td1\" valign=\"middle\"><\/td>\n<td class=\"td1\" valign=\"middle\">\n<p class=\"p2\">\n<\/td>\n<td class=\"td1\" colspan=\"2\" valign=\"middle\">\n<p class=\"p2\">ROTATION<\/p>\n<\/td>\n<td class=\"td1\" colspan=\"3\" valign=\"middle\">\n<p class=\"p2\">Water Output Based On Pump Capacity<\/p>\n<\/td>\n<td class=\"td1\" valign=\"middle\"><\/td>\n<\/tr>\n<tr>\n<td class=\"td1\" valign=\"middle\"><\/td>\n<td class=\"td1\" valign=\"middle\">\n<p class=\"p2\">V (m\/s)<\/p>\n<\/td>\n<td class=\"td1\" valign=\"middle\">\n<p class=\"p2\">Rotor (rpm)<\/p>\n<\/td>\n<td class=\"td1\" valign=\"middle\">\n<p class=\"p2\">Gear (rpm)<\/p>\n<\/td>\n<td class=\"td1\" valign=\"middle\">\n<p class=\"p2\">lt\/min<\/p>\n<\/td>\n<td class=\"td1\" valign=\"middle\">\n<p class=\"p2\">lt\/sec<\/p>\n<\/td>\n<td class=\"td1\" valign=\"middle\">\n<p class=\"p2\">lt\/hour<\/p>\n<\/td>\n<td class=\"td1\" valign=\"middle\"><\/td>\n<\/tr>\n<tr>\n<td class=\"td1\" valign=\"middle\"><\/td>\n<td class=\"td1\" valign=\"middle\">\n<p class=\"p2\">4<\/p>\n<\/td>\n<td class=\"td1\" valign=\"middle\">\n<p class=\"p2\">12,51<\/p>\n<\/td>\n<td class=\"td1\" valign=\"middle\">\n<p class=\"p2\">5,00<\/p>\n<\/td>\n<td class=\"td1\" valign=\"middle\">\n<p class=\"p2\">16,01<\/p>\n<\/td>\n<td class=\"td1\" valign=\"middle\">\n<p class=\"p2\">0,27<\/p>\n<\/td>\n<td class=\"td1\" valign=\"middle\">\n<p class=\"p2\">960,49<\/p>\n<\/td>\n<td class=\"td1\" valign=\"middle\"><\/td>\n<\/tr>\n<tr>\n<td class=\"td1\" valign=\"middle\"><\/td>\n<td class=\"td1\" valign=\"middle\">\n<p class=\"p2\">5<\/p>\n<\/td>\n<td class=\"td1\" valign=\"middle\">\n<p class=\"p2\">15,63<\/p>\n<\/td>\n<td class=\"td1\" valign=\"middle\">\n<p class=\"p2\">6,25<\/p>\n<\/td>\n<td class=\"td1\" valign=\"middle\">\n<p class=\"p2\">20,01<\/p>\n<\/td>\n<td class=\"td1\" valign=\"middle\">\n<p class=\"p2\">0,33<\/p>\n<\/td>\n<td class=\"td1\" valign=\"middle\">\n<p class=\"p2\">1200,61<\/p>\n<\/td>\n<td class=\"td1\" valign=\"middle\"><\/td>\n<\/tr>\n<tr>\n<td class=\"td1\" valign=\"middle\"><\/td>\n<td class=\"td1\" valign=\"middle\">\n<p class=\"p2\">6<\/p>\n<\/td>\n<td class=\"td1\" valign=\"middle\">\n<p class=\"p2\">18,76<\/p>\n<\/td>\n<td class=\"td1\" valign=\"middle\">\n<p class=\"p2\">7,50<\/p>\n<\/td>\n<td class=\"td1\" valign=\"middle\">\n<p class=\"p2\">24,01<\/p>\n<\/td>\n<td class=\"td1\" valign=\"middle\">\n<p class=\"p2\">0,40<\/p>\n<\/td>\n<td class=\"td1\" valign=\"middle\">\n<p class=\"p2\">1440,73<\/p>\n<\/td>\n<td class=\"td1\" valign=\"middle\"><\/td>\n<\/tr>\n<tr>\n<td class=\"td1\" valign=\"middle\"><\/td>\n<td class=\"td1\" valign=\"middle\">\n<p class=\"p2\">7<\/p>\n<\/td>\n<td class=\"td1\" valign=\"middle\">\n<p class=\"p2\">21,89<\/p>\n<\/td>\n<td class=\"td1\" valign=\"middle\">\n<p class=\"p2\">8,75<\/p>\n<\/td>\n<td class=\"td1\" valign=\"middle\">\n<p class=\"p2\">28,01<\/p>\n<\/td>\n<td class=\"td1\" valign=\"middle\">\n<p class=\"p2\">0,47<\/p>\n<\/td>\n<td class=\"td1\" valign=\"middle\">\n<p class=\"p2\">1680,86<\/p>\n<\/td>\n<td class=\"td1\" valign=\"middle\"><\/td>\n<\/tr>\n<tr>\n<td class=\"td1\" valign=\"middle\"><\/td>\n<td class=\"td1\" valign=\"middle\">\n<p class=\"p2\">8<\/p>\n<\/td>\n<td class=\"td1\" valign=\"middle\">\n<p class=\"p2\">25,01<\/p>\n<\/td>\n<td class=\"td1\" valign=\"middle\">\n<p class=\"p2\">10,01<\/p>\n<\/td>\n<td class=\"td1\" valign=\"middle\">\n<p class=\"p2\">32,02<\/p>\n<\/td>\n<td class=\"td1\" valign=\"middle\">\n<p class=\"p2\">0,53<\/p>\n<\/td>\n<td class=\"td1\" valign=\"middle\">\n<p class=\"p2\">1920,98<\/p>\n<\/td>\n<td class=\"td1\" valign=\"middle\"><\/td>\n<\/tr>\n<tr>\n<td class=\"td1\" valign=\"middle\"><\/td>\n<td class=\"td1\" valign=\"middle\">\n<p class=\"p2\">9<\/p>\n<\/td>\n<td class=\"td1\" valign=\"middle\">\n<p class=\"p2\">28,14<\/p>\n<\/td>\n<td class=\"td1\" valign=\"middle\">\n<p class=\"p2\">11,26<\/p>\n<\/td>\n<td class=\"td1\" valign=\"middle\">\n<p class=\"p2\">36,02<\/p>\n<\/td>\n<td class=\"td1\" valign=\"middle\">\n<p class=\"p2\">0,60<\/p>\n<\/td>\n<td class=\"td1\" valign=\"middle\">\n<p class=\"p2\">2161,10<\/p>\n<\/td>\n<td class=\"td1\" valign=\"middle\"><\/td>\n<\/tr>\n<tr>\n<td class=\"td1\" valign=\"middle\"><\/td>\n<td class=\"td1\" valign=\"middle\">\n<p class=\"p2\">10<\/p>\n<\/td>\n<td class=\"td1\" valign=\"middle\">\n<p class=\"p2\">31,27<\/p>\n<\/td>\n<td class=\"td1\" valign=\"middle\">\n<p class=\"p2\">12,51<\/p>\n<\/td>\n<td class=\"td1\" valign=\"middle\">\n<p class=\"p2\">40,02<\/p>\n<\/td>\n<td class=\"td1\" valign=\"middle\">\n<p class=\"p2\">0,67<\/p>\n<\/td>\n<td class=\"td1\" valign=\"middle\">\n<p class=\"p2\">2401,22<\/p>\n<\/td>\n<td class=\"td1\" valign=\"middle\"><\/td>\n<\/tr>\n<tr>\n<td class=\"td1\" valign=\"middle\"><\/td>\n<td class=\"td1\" valign=\"middle\">\n<p class=\"p2\">11<\/p>\n<\/td>\n<td class=\"td1\" valign=\"middle\">\n<p class=\"p2\">34,39<\/p>\n<\/td>\n<td class=\"td1\" valign=\"middle\">\n<p class=\"p2\">13,76<\/p>\n<\/td>\n<td class=\"td1\" valign=\"middle\">\n<p class=\"p2\">44,02<\/p>\n<\/td>\n<td class=\"td1\" valign=\"middle\">\n<p class=\"p2\">0,73<\/p>\n<\/td>\n<td class=\"td1\" valign=\"middle\">\n<p class=\"p2\">2641,35<\/p>\n<\/td>\n<td class=\"td1\" valign=\"middle\"><\/td>\n<\/tr>\n<tr>\n<td class=\"td1\" valign=\"middle\"><\/td>\n<td class=\"td1\" valign=\"middle\">\n<p class=\"p2\">12<\/p>\n<\/td>\n<td class=\"td1\" valign=\"middle\">\n<p class=\"p2\">37,52<\/p>\n<\/td>\n<td class=\"td1\" valign=\"middle\">\n<p class=\"p2\">15,01<\/p>\n<\/td>\n<td class=\"td1\" valign=\"middle\">\n<p class=\"p2\">48,02<\/p>\n<\/td>\n<td class=\"td1\" valign=\"middle\">\n<p class=\"p2\">0,80<\/p>\n<\/td>\n<td class=\"td1\" valign=\"middle\">\n<p class=\"p2\">2881,47<\/p>\n<\/td>\n<td class=\"td1\" valign=\"middle\"><\/td>\n<\/tr>\n<tr>\n<td class=\"td1\" valign=\"middle\"><\/td>\n<td class=\"td1\" valign=\"middle\">\n<p class=\"p2\">13<\/p>\n<\/td>\n<td class=\"td1\" valign=\"middle\">\n<p class=\"p2\">40,65<\/p>\n<\/td>\n<td class=\"td1\" valign=\"middle\">\n<p class=\"p2\">16,26<\/p>\n<\/td>\n<td class=\"td1\" valign=\"middle\">\n<p class=\"p2\">52,03<\/p>\n<\/td>\n<td class=\"td1\" valign=\"middle\">\n<p class=\"p2\">0,87<\/p>\n<\/td>\n<td class=\"td1\" valign=\"middle\">\n<p class=\"p2\">3121,59<\/p>\n<\/td>\n<td class=\"td1\" valign=\"middle\"><\/td>\n<\/tr>\n<tr>\n<td class=\"td1\" valign=\"middle\"><\/td>\n<td class=\"td1\" valign=\"middle\">\n<p class=\"p2\">14<\/p>\n<\/td>\n<td class=\"td1\" valign=\"middle\">\n<p class=\"p2\">43,77<\/p>\n<\/td>\n<td class=\"td1\" valign=\"middle\">\n<p class=\"p2\">17,51<\/p>\n<\/td>\n<td class=\"td1\" valign=\"middle\">\n<p class=\"p2\">56,03<\/p>\n<\/td>\n<td class=\"td1\" valign=\"middle\">\n<p class=\"p2\">0,93<\/p>\n<\/td>\n<td class=\"td1\" valign=\"middle\">\n<p class=\"p2\">3361,71<\/p>\n<\/td>\n<td class=\"td1\" valign=\"middle\"><\/td>\n<\/tr>\n<tr>\n<td class=\"td1\" valign=\"middle\"><\/td>\n<td class=\"td1\" valign=\"middle\">\n<p class=\"p2\">15<\/p>\n<\/td>\n<td class=\"td1\" valign=\"middle\">\n<p class=\"p2\">46,90<\/p>\n<\/td>\n<td class=\"td1\" valign=\"middle\">\n<p class=\"p2\">18,76<\/p>\n<\/td>\n<td class=\"td1\" valign=\"middle\">\n<p class=\"p2\">60,03<\/p>\n<\/td>\n<td class=\"td1\" valign=\"middle\">\n<p class=\"p2\">1,00<\/p>\n<\/td>\n<td class=\"td1\" valign=\"middle\">\n<p class=\"p2\">3601,83<\/p>\n<\/td>\n<td class=\"td1\" valign=\"middle\"><\/td>\n<\/tr>\n<\/tbody>\n<\/table>\n<p class=\"p5\"><em>* The mentioned capacities are values obtained from continuous wind blowing for 2 minutes without interruption.<\/em><\/p>\n<p class=\"p5\"><em>**A depth of 60 meters has been chosen as an example. Water can be pumped up to a depth of 120 meters, but the water extraction capacities may vary.<\/em><\/p>","protected":false},"excerpt":{"rendered":"<p>60 m** D=4,8 m DEV\u0130R Pompa Hacmine G\u00f6re \u00c7\u0131kan su* V (m\/s) Rotor (rpm) Di\u015fli (rpm) lt\/min lt\/sec lt\/hour 4 12,51 5,00 16,01 0,27 960,49 5 15,63 6,25 20,01 0,33 1200,61 6 18,76 7,50 24,01 0,40 1440,73 7 21,89 8,75 28,01 0,47 1680,86 8 25,01 10,01 32,02 0,53 1920,98 9 28,14 11,26 36,02 0,60 2161,10 [&hellip;]<\/p>\n","protected":false},"featured_media":2320,"comment_status":"closed","ping_status":"closed","template":"","meta":[],"product_brand":[],"product_cat":[45],"product_tag":[84,85],"class_list":{"0":"post-1870","1":"product","2":"type-product","3":"status-publish","4":"has-post-thumbnail","6":"product_cat-ruzgar-su-pompasi","7":"product_tag-ruzgar-su-pompasi","8":"product_tag-yenilenebilir-enerji","10":"first","11":"instock","12":"shipping-taxable","13":"product-type-simple"},"_links":{"self":[{"href":"https:\/\/www.soyutwindmill.com\/en\/wp-json\/wp\/v2\/product\/1870","targetHints":{"allow":["GET"]}}],"collection":[{"href":"https:\/\/www.soyutwindmill.com\/en\/wp-json\/wp\/v2\/product"}],"about":[{"href":"https:\/\/www.soyutwindmill.com\/en\/wp-json\/wp\/v2\/types\/product"}],"replies":[{"embeddable":true,"href":"https:\/\/www.soyutwindmill.com\/en\/wp-json\/wp\/v2\/comments?post=1870"}],"wp:featuredmedia":[{"embeddable":true,"href":"https:\/\/www.soyutwindmill.com\/en\/wp-json\/wp\/v2\/media\/2320"}],"wp:attachment":[{"href":"https:\/\/www.soyutwindmill.com\/en\/wp-json\/wp\/v2\/media?parent=1870"}],"wp:term":[{"taxonomy":"product_brand","embeddable":true,"href":"https:\/\/www.soyutwindmill.com\/en\/wp-json\/wp\/v2\/product_brand?post=1870"},{"taxonomy":"product_cat","embeddable":true,"href":"https:\/\/www.soyutwindmill.com\/en\/wp-json\/wp\/v2\/product_cat?post=1870"},{"taxonomy":"product_tag","embeddable":true,"href":"https:\/\/www.soyutwindmill.com\/en\/wp-json\/wp\/v2\/product_tag?post=1870"}],"curies":[{"name":"wp","href":"https:\/\/api.w.org\/{rel}","templated":true}]}}