{"id":933,"date":"2019-12-16T10:30:35","date_gmt":"2019-12-16T10:30:35","guid":{"rendered":"http:\/\/irecco.wgl-demo.net\/?page_id=933"},"modified":"2021-10-10T16:16:31","modified_gmt":"2021-10-10T16:16:31","slug":"ruzgar-su-pompasi","status":"publish","type":"page","link":"https:\/\/www.soyutwindmill.com\/en\/ruzgar-su-pompasi\/","title":{"rendered":"Wind Water Pump"},"content":{"rendered":"<div data-elementor-type=\"wp-page\" data-elementor-id=\"933\" class=\"elementor elementor-933\">\n\t\t\t\t\t\t<section class=\"elementor-section elementor-top-section elementor-element elementor-element-131e783 elementor-section-boxed elementor-section-height-default elementor-section-height-default\" data-id=\"131e783\" data-element_type=\"section\" data-e-type=\"section\">\n\t\t\t\t\t\t<div class=\"elementor-container elementor-column-gap-default\">\n\t\t\t\t\t<div class=\"elementor-column elementor-col-100 elementor-top-column elementor-element elementor-element-3d604a9\" data-id=\"3d604a9\" data-element_type=\"column\" data-e-type=\"column\">\n\t\t\t<div class=\"elementor-widget-wrap elementor-element-populated\">\n\t\t\t\t\t\t<div class=\"elementor-element elementor-element-91e8f17 elementor-widget elementor-widget-heading\" data-id=\"91e8f17\" data-element_type=\"widget\" data-e-type=\"widget\" data-widget_type=\"heading.default\">\n\t\t\t\t<div class=\"elementor-widget-container\">\n\t\t\t\t\t<h3 class=\"elementor-heading-title elementor-size-default\">What is Wind Water Pump?\n<\/h3>\t\t\t\t<\/div>\n\t\t\t\t<\/div>\n\t\t\t\t\t<\/div>\n\t\t<\/div>\n\t\t\t\t\t<\/div>\n\t\t<\/section>\n\t\t\t\t<section class=\"elementor-section elementor-top-section elementor-element elementor-element-8515b34 elementor-section-boxed elementor-section-height-default elementor-section-height-default\" data-id=\"8515b34\" data-element_type=\"section\" data-e-type=\"section\">\n\t\t\t\t\t\t<div class=\"elementor-container elementor-column-gap-default\">\n\t\t\t\t\t<div class=\"elementor-column elementor-col-100 elementor-top-column elementor-element elementor-element-dae603b\" data-id=\"dae603b\" data-element_type=\"column\" data-e-type=\"column\">\n\t\t\t<div class=\"elementor-widget-wrap elementor-element-populated\">\n\t\t\t\t\t\t<div class=\"elementor-element elementor-element-99edd98 elementor-widget elementor-widget-spacer\" data-id=\"99edd98\" data-element_type=\"widget\" data-e-type=\"widget\" data-widget_type=\"spacer.default\">\n\t\t\t\t<div class=\"elementor-widget-container\">\n\t\t\t\t\t\t\t<div class=\"elementor-spacer\">\n\t\t\t<div class=\"elementor-spacer-inner\"><\/div>\n\t\t<\/div>\n\t\t\t\t\t\t<\/div>\n\t\t\t\t<\/div>\n\t\t\t\t\t<\/div>\n\t\t<\/div>\n\t\t\t\t\t<\/div>\n\t\t<\/section>\n\t\t\t\t<section class=\"elementor-section elementor-top-section elementor-element elementor-element-9e1b3c6 elementor-section-boxed elementor-section-height-default elementor-section-height-default\" data-id=\"9e1b3c6\" data-element_type=\"section\" data-e-type=\"section\">\n\t\t\t\t\t\t<div class=\"elementor-container elementor-column-gap-default\">\n\t\t\t\t\t<div class=\"elementor-column elementor-col-100 elementor-top-column elementor-element elementor-element-a28e595\" data-id=\"a28e595\" data-element_type=\"column\" data-e-type=\"column\">\n\t\t\t<div class=\"elementor-widget-wrap elementor-element-populated\">\n\t\t\t\t\t\t<div class=\"elementor-element elementor-element-8230257 elementor-widget elementor-widget-text-editor\" data-id=\"8230257\" data-element_type=\"widget\" data-e-type=\"widget\" data-widget_type=\"text-editor.default\">\n\t\t\t\t<div class=\"elementor-widget-container\">\n\t\t\t\t\t\t\t\t\t<div id=\"c1582236\" class=\"csc-default ctype-text\"><p>A wind pump, also known as a windmill, is a device that pumps water from various water sources, including wells, through the power of wind. The pumped water is typically used to provide clean drinking water, irrigate agricultural fields, or hydrate and feed animals. Wind pumps are also used to alleviate excess water in submerged areas and to produce salt from seawater. They can be found in rural, arid, and semi-arid regions, and are visible in certain areas of Argentina, South Africa, Asia, and the Americas.<\/p><p>The origin of wind pumps dates back to the late 19th century and they were a significant part of the economic development in many remote areas of the United States. Advances in technology continue to be made in this field.<\/p><\/div>\t\t\t\t\t\t\t\t<\/div>\n\t\t\t\t<\/div>\n\t\t\t\t\t<\/div>\n\t\t<\/div>\n\t\t\t\t\t<\/div>\n\t\t<\/section>\n\t\t\t\t<section class=\"elementor-section elementor-top-section elementor-element elementor-element-d0b2f52 elementor-section-boxed elementor-section-height-default elementor-section-height-default\" data-id=\"d0b2f52\" data-element_type=\"section\" data-e-type=\"section\">\n\t\t\t\t\t\t<div class=\"elementor-container elementor-column-gap-default\">\n\t\t\t\t\t<div class=\"elementor-column elementor-col-100 elementor-top-column elementor-element elementor-element-1ff712a\" data-id=\"1ff712a\" data-element_type=\"column\" data-e-type=\"column\">\n\t\t\t<div class=\"elementor-widget-wrap elementor-element-populated\">\n\t\t\t\t\t\t<div class=\"elementor-element elementor-element-069cbd9 elementor-widget elementor-widget-spacer\" data-id=\"069cbd9\" data-element_type=\"widget\" data-e-type=\"widget\" data-widget_type=\"spacer.default\">\n\t\t\t\t<div class=\"elementor-widget-container\">\n\t\t\t\t\t\t\t<div class=\"elementor-spacer\">\n\t\t\t<div class=\"elementor-spacer-inner\"><\/div>\n\t\t<\/div>\n\t\t\t\t\t\t<\/div>\n\t\t\t\t<\/div>\n\t\t\t\t\t<\/div>\n\t\t<\/div>\n\t\t\t\t\t<\/div>\n\t\t<\/section>\n\t\t\t\t<section class=\"elementor-section elementor-top-section elementor-element elementor-element-c703b1b elementor-section-boxed elementor-section-height-default elementor-section-height-default\" data-id=\"c703b1b\" data-element_type=\"section\" data-e-type=\"section\">\n\t\t\t\t\t\t<div class=\"elementor-container elementor-column-gap-default\">\n\t\t\t\t\t<div class=\"elementor-column elementor-col-50 elementor-top-column elementor-element elementor-element-5537c12\" data-id=\"5537c12\" data-element_type=\"column\" data-e-type=\"column\">\n\t\t\t<div class=\"elementor-widget-wrap elementor-element-populated\">\n\t\t\t\t\t\t<div class=\"elementor-element elementor-element-9a2f367 elementor-widget elementor-widget-image\" data-id=\"9a2f367\" data-element_type=\"widget\" data-e-type=\"widget\" data-widget_type=\"image.default\">\n\t\t\t\t<div class=\"elementor-widget-container\">\n\t\t\t\t\t\t\t\t\t\t\t\t\t\t\t<img fetchpriority=\"high\" decoding=\"async\" width=\"1000\" height=\"850\" src=\"https:\/\/www.soyutwindmill.com\/wp-content\/uploads\/2021\/09\/accordion_03.png\" class=\"attachment-full size-full wp-image-2307\" alt=\"\" srcset=\"https:\/\/www.soyutwindmill.com\/wp-content\/uploads\/2021\/09\/accordion_03.png 1000w, https:\/\/www.soyutwindmill.com\/wp-content\/uploads\/2021\/09\/accordion_03-300x255.png 300w, https:\/\/www.soyutwindmill.com\/wp-content\/uploads\/2021\/09\/accordion_03-768x653.png 768w\" sizes=\"(max-width: 1000px) 100vw, 1000px\" \/>\t\t\t\t\t\t\t\t\t\t\t\t\t\t\t<\/div>\n\t\t\t\t<\/div>\n\t\t\t\t\t<\/div>\n\t\t<\/div>\n\t\t\t\t<div class=\"elementor-column elementor-col-50 elementor-top-column elementor-element elementor-element-f0c1d8c\" data-id=\"f0c1d8c\" data-element_type=\"column\" data-e-type=\"column\">\n\t\t\t<div class=\"elementor-widget-wrap elementor-element-populated\">\n\t\t\t\t\t\t<div class=\"elementor-element elementor-element-35e028c elementor-widget elementor-widget-image\" data-id=\"35e028c\" data-element_type=\"widget\" data-e-type=\"widget\" data-widget_type=\"image.default\">\n\t\t\t\t<div class=\"elementor-widget-container\">\n\t\t\t\t\t\t\t\t\t\t\t\t\t\t\t<img decoding=\"async\" width=\"1000\" height=\"850\" src=\"https:\/\/www.soyutwindmill.com\/wp-content\/uploads\/2021\/09\/accordion_02.png\" class=\"attachment-full size-full wp-image-2306\" alt=\"\" srcset=\"https:\/\/www.soyutwindmill.com\/wp-content\/uploads\/2021\/09\/accordion_02.png 1000w, https:\/\/www.soyutwindmill.com\/wp-content\/uploads\/2021\/09\/accordion_02-300x255.png 300w, https:\/\/www.soyutwindmill.com\/wp-content\/uploads\/2021\/09\/accordion_02-768x653.png 768w\" sizes=\"(max-width: 1000px) 100vw, 1000px\" \/>\t\t\t\t\t\t\t\t\t\t\t\t\t\t\t<\/div>\n\t\t\t\t<\/div>\n\t\t\t\t\t<\/div>\n\t\t<\/div>\n\t\t\t\t\t<\/div>\n\t\t<\/section>\n\t\t\t\t<section class=\"elementor-section elementor-top-section elementor-element elementor-element-8b0c33e elementor-section-boxed elementor-section-height-default elementor-section-height-default\" data-id=\"8b0c33e\" data-element_type=\"section\" data-e-type=\"section\">\n\t\t\t\t\t\t<div class=\"elementor-container elementor-column-gap-default\">\n\t\t\t\t\t<div class=\"elementor-column elementor-col-100 elementor-top-column elementor-element elementor-element-b7d62ae\" data-id=\"b7d62ae\" data-element_type=\"column\" data-e-type=\"column\">\n\t\t\t<div class=\"elementor-widget-wrap elementor-element-populated\">\n\t\t\t\t\t\t<div class=\"elementor-element elementor-element-412c9ef elementor-widget elementor-widget-spacer\" data-id=\"412c9ef\" data-element_type=\"widget\" data-e-type=\"widget\" data-widget_type=\"spacer.default\">\n\t\t\t\t<div class=\"elementor-widget-container\">\n\t\t\t\t\t\t\t<div class=\"elementor-spacer\">\n\t\t\t<div class=\"elementor-spacer-inner\"><\/div>\n\t\t<\/div>\n\t\t\t\t\t\t<\/div>\n\t\t\t\t<\/div>\n\t\t\t\t\t<\/div>\n\t\t<\/div>\n\t\t\t\t\t<\/div>\n\t\t<\/section>\n\t\t\t\t<section class=\"elementor-section elementor-top-section elementor-element elementor-element-7b7c991 elementor-section-boxed elementor-section-height-default elementor-section-height-default\" data-id=\"7b7c991\" data-element_type=\"section\" data-e-type=\"section\">\n\t\t\t\t\t\t<div class=\"elementor-container elementor-column-gap-default\">\n\t\t\t\t\t<div class=\"elementor-column elementor-col-100 elementor-top-column elementor-element elementor-element-e92533a\" data-id=\"e92533a\" data-element_type=\"column\" data-e-type=\"column\">\n\t\t\t<div class=\"elementor-widget-wrap elementor-element-populated\">\n\t\t\t\t\t\t<div class=\"elementor-element elementor-element-eba1c33 elementor-widget elementor-widget-heading\" data-id=\"eba1c33\" data-element_type=\"widget\" data-e-type=\"widget\" data-widget_type=\"heading.default\">\n\t\t\t\t<div class=\"elementor-widget-container\">\n\t\t\t\t\t<h4 class=\"elementor-heading-title elementor-size-default\">Advantages<\/h4>\t\t\t\t<\/div>\n\t\t\t\t<\/div>\n\t\t\t\t\t<\/div>\n\t\t<\/div>\n\t\t\t\t\t<\/div>\n\t\t<\/section>\n\t\t\t\t<section class=\"elementor-section elementor-top-section elementor-element elementor-element-b4da2bb elementor-section-boxed elementor-section-height-default elementor-section-height-default\" data-id=\"b4da2bb\" data-element_type=\"section\" data-e-type=\"section\">\n\t\t\t\t\t\t<div class=\"elementor-container elementor-column-gap-default\">\n\t\t\t\t\t<div class=\"elementor-column elementor-col-100 elementor-top-column elementor-element elementor-element-0a3169b\" data-id=\"0a3169b\" data-element_type=\"column\" data-e-type=\"column\">\n\t\t\t<div class=\"elementor-widget-wrap elementor-element-populated\">\n\t\t\t\t\t\t<div class=\"elementor-element elementor-element-9f89f04 elementor-widget elementor-widget-text-editor\" data-id=\"9f89f04\" data-element_type=\"widget\" data-e-type=\"widget\" data-widget_type=\"text-editor.default\">\n\t\t\t\t<div class=\"elementor-widget-container\">\n\t\t\t\t\t\t\t\t\t<p>Wind energy is the kinetic energy of moving air. When an air mass becomes warmer than its surrounding environment, it rises upwards in the atmosphere, creating a void that is filled by a colder air mass of the same volume. This displacement of air masses is what we refer to as wind. Wind energy, on the other hand, is the kinetic energy possessed by the air flow that constitutes the wind. The source of wind energy is the sun. Only about 1-2% of solar energy is converted into wind energy.<\/p><ol><li>\u00a0It helps reduce dependency on external sources of energy.<\/li><li>\u00a0It is a clean source of energy and has minimal to no environmental impact.<\/li><li>\u00a0It has no fuel consumption and does not pollute the air.<\/li><li>\u00a0Fossil fuel power plants do not show the pollution caused during electricity generation.<\/li><\/ol>\t\t\t\t\t\t\t\t<\/div>\n\t\t\t\t<\/div>\n\t\t\t\t\t<\/div>\n\t\t<\/div>\n\t\t\t\t\t<\/div>\n\t\t<\/section>\n\t\t\t\t<section class=\"elementor-section elementor-top-section elementor-element elementor-element-de75371 elementor-section-boxed elementor-section-height-default elementor-section-height-default\" data-id=\"de75371\" data-element_type=\"section\" data-e-type=\"section\">\n\t\t\t\t\t\t<div class=\"elementor-container elementor-column-gap-default\">\n\t\t\t\t\t<div class=\"elementor-column elementor-col-100 elementor-top-column elementor-element elementor-element-1aecaf2\" data-id=\"1aecaf2\" data-element_type=\"column\" data-e-type=\"column\">\n\t\t\t<div class=\"elementor-widget-wrap elementor-element-populated\">\n\t\t\t\t\t\t<div class=\"elementor-element elementor-element-5e72413 elementor-widget elementor-widget-spacer\" data-id=\"5e72413\" data-element_type=\"widget\" data-e-type=\"widget\" data-widget_type=\"spacer.default\">\n\t\t\t\t<div class=\"elementor-widget-container\">\n\t\t\t\t\t\t\t<div class=\"elementor-spacer\">\n\t\t\t<div class=\"elementor-spacer-inner\"><\/div>\n\t\t<\/div>\n\t\t\t\t\t\t<\/div>\n\t\t\t\t<\/div>\n\t\t\t\t\t<\/div>\n\t\t<\/div>\n\t\t\t\t\t<\/div>\n\t\t<\/section>\n\t\t\t\t<section class=\"elementor-section elementor-top-section elementor-element elementor-element-1ac4cab elementor-section-boxed elementor-section-height-default elementor-section-height-default\" data-id=\"1ac4cab\" data-element_type=\"section\" data-e-type=\"section\">\n\t\t\t\t\t\t<div class=\"elementor-container elementor-column-gap-default\">\n\t\t\t\t\t<div class=\"elementor-column elementor-col-100 elementor-top-column elementor-element elementor-element-4837b81\" data-id=\"4837b81\" data-element_type=\"column\" data-e-type=\"column\">\n\t\t\t<div class=\"elementor-widget-wrap elementor-element-populated\">\n\t\t\t\t\t\t<div class=\"elementor-element elementor-element-803c954 elementor-widget elementor-widget-heading\" data-id=\"803c954\" data-element_type=\"widget\" data-e-type=\"widget\" data-widget_type=\"heading.default\">\n\t\t\t\t<div class=\"elementor-widget-container\">\n\t\t\t\t\t<h4 class=\"elementor-heading-title elementor-size-default\">More information<\/h4>\t\t\t\t<\/div>\n\t\t\t\t<\/div>\n\t\t\t\t\t<\/div>\n\t\t<\/div>\n\t\t\t\t\t<\/div>\n\t\t<\/section>\n\t\t\t\t<section class=\"elementor-section elementor-top-section elementor-element elementor-element-87f5fad elementor-section-boxed elementor-section-height-default elementor-section-height-default\" data-id=\"87f5fad\" data-element_type=\"section\" data-e-type=\"section\">\n\t\t\t\t\t\t<div class=\"elementor-container elementor-column-gap-default\">\n\t\t\t\t\t<div class=\"elementor-column elementor-col-100 elementor-top-column elementor-element elementor-element-a301a34\" data-id=\"a301a34\" data-element_type=\"column\" data-e-type=\"column\">\n\t\t\t<div class=\"elementor-widget-wrap elementor-element-populated\">\n\t\t\t\t\t\t<div class=\"elementor-element elementor-element-0d7bd25 elementor-widget elementor-widget-spacer\" data-id=\"0d7bd25\" data-element_type=\"widget\" data-e-type=\"widget\" data-widget_type=\"spacer.default\">\n\t\t\t\t<div class=\"elementor-widget-container\">\n\t\t\t\t\t\t\t<div class=\"elementor-spacer\">\n\t\t\t<div class=\"elementor-spacer-inner\"><\/div>\n\t\t<\/div>\n\t\t\t\t\t\t<\/div>\n\t\t\t\t<\/div>\n\t\t\t\t\t<\/div>\n\t\t<\/div>\n\t\t\t\t\t<\/div>\n\t\t<\/section>\n\t\t\t\t<section class=\"elementor-section elementor-top-section elementor-element elementor-element-54cdd69 elementor-section-boxed elementor-section-height-default elementor-section-height-default\" data-id=\"54cdd69\" data-element_type=\"section\" data-e-type=\"section\">\n\t\t\t\t\t\t<div class=\"elementor-container elementor-column-gap-narrow\">\n\t\t\t\t\t<div class=\"elementor-column elementor-col-25 elementor-top-column elementor-element elementor-element-792fa20\" data-id=\"792fa20\" data-element_type=\"column\" data-e-type=\"column\">\n\t\t\t<div class=\"elementor-widget-wrap elementor-element-populated\">\n\t\t\t\t\t\t<div class=\"elementor-element elementor-element-77554ab elementor-widget-icon-box wgl-icon-box media-right elementor-widget elementor-widget-wgl-services-6\" data-id=\"77554ab\" data-element_type=\"widget\" data-e-type=\"widget\" data-settings=\"{&quot;alignment&quot;:&quot;left&quot;}\" data-widget_type=\"wgl-services-6.default\">\n\t\t\t\t<div class=\"elementor-widget-container\">\n\t\t\t\t\t<div class=\"wgl-services-6 services_left\"><div class=\"wgl-services_wrap\"><div class=\"wgl-services_media-wrap\"><div class=\"wgl-widget_wrapper elementor-icon-box-icon\"><div class=\"wgl-widget_container\"><span class=\"wgl-icon elementor-icon\" ><i class=\"icon flaticon-power-1\"><\/i><\/span><\/div><\/div><\/div><div class=\"wgl-services_content-wrap\"><h3 class=\"wgl-services_title\">How does<br>\nit work?<\/h3><div class=\"wgl-services_text\"><\/div><a class=\"wgl-services_readmore\" href=\"http:\/\/www.soyutwindmill.com\/en\/ruzgar-su-pompasi\/nasil-calisir\/\"><i class=\"flaticon-plus\"><\/i><\/a><\/div><\/div><\/div>\t\t\t\t<\/div>\n\t\t\t\t<\/div>\n\t\t\t\t\t<\/div>\n\t\t<\/div>\n\t\t\t\t<div class=\"elementor-column elementor-col-25 elementor-top-column elementor-element elementor-element-96569f3\" data-id=\"96569f3\" data-element_type=\"column\" data-e-type=\"column\">\n\t\t\t<div class=\"elementor-widget-wrap elementor-element-populated\">\n\t\t\t\t\t\t<div class=\"elementor-element elementor-element-9bb3e6f elementor-widget-icon-box wgl-icon-box media-right elementor-widget elementor-widget-wgl-services-6\" data-id=\"9bb3e6f\" data-element_type=\"widget\" data-e-type=\"widget\" data-settings=\"{&quot;alignment&quot;:&quot;left&quot;}\" data-widget_type=\"wgl-services-6.default\">\n\t\t\t\t<div class=\"elementor-widget-container\">\n\t\t\t\t\t<div class=\"wgl-services-6 services_left\"><div class=\"wgl-services_wrap\"><div class=\"wgl-services_media-wrap\"><div class=\"wgl-widget_wrapper elementor-icon-box-icon\"><div class=\"wgl-widget_container\"><span class=\"wgl-icon elementor-icon\" ><i class=\"icon flaticon-ecology-1\"><\/i><\/span><\/div><\/div><\/div><div class=\"wgl-services_content-wrap\"><h3 class=\"wgl-services_title\">Part <br>\nDiagrams<\/h3><div class=\"wgl-services_text\"><\/div><a class=\"wgl-services_readmore\" href=\"http:\/\/www.soyutwindmill.com\/en\/ruzgar-su-pompasi\/parca-diagramlari\/\"><i class=\"flaticon-plus\"><\/i><\/a><\/div><\/div><\/div>\t\t\t\t<\/div>\n\t\t\t\t<\/div>\n\t\t\t\t\t<\/div>\n\t\t<\/div>\n\t\t\t\t<div class=\"elementor-column elementor-col-25 elementor-top-column elementor-element elementor-element-7bbd74e\" data-id=\"7bbd74e\" data-element_type=\"column\" data-e-type=\"column\">\n\t\t\t<div class=\"elementor-widget-wrap elementor-element-populated\">\n\t\t\t\t\t\t<div class=\"elementor-element elementor-element-b3de04a elementor-widget-icon-box wgl-icon-box media-right elementor-widget elementor-widget-wgl-services-6\" data-id=\"b3de04a\" data-element_type=\"widget\" data-e-type=\"widget\" data-settings=\"{&quot;alignment&quot;:&quot;left&quot;}\" data-widget_type=\"wgl-services-6.default\">\n\t\t\t\t<div class=\"elementor-widget-container\">\n\t\t\t\t\t<div class=\"wgl-services-6 services_left\"><div class=\"wgl-services_wrap\"><div class=\"wgl-services_media-wrap\"><div class=\"wgl-widget_wrapper elementor-icon-box-icon\"><div class=\"wgl-widget_container\"><span class=\"wgl-icon elementor-icon\" ><i class=\"icon flaticon-wind\"><\/i><\/span><\/div><\/div><\/div><div class=\"wgl-services_content-wrap\"><h3 class=\"wgl-services_title\">Assembly  <br> &nbsp;<\/h3><div class=\"wgl-services_text\"><\/div><a class=\"wgl-services_readmore\" href=\"http:\/\/www.soyutwindmill.com\/en\/ruzgar-su-pompasi\/montaj\/\"><i class=\"flaticon-plus\"><\/i><\/a><\/div><\/div><\/div>\t\t\t\t<\/div>\n\t\t\t\t<\/div>\n\t\t\t\t\t<\/div>\n\t\t<\/div>\n\t\t\t\t<div class=\"elementor-column elementor-col-25 elementor-top-column elementor-element elementor-element-c9bb2c0\" data-id=\"c9bb2c0\" data-element_type=\"column\" data-e-type=\"column\">\n\t\t\t<div class=\"elementor-widget-wrap elementor-element-populated\">\n\t\t\t\t\t\t<div class=\"elementor-element elementor-element-8f89c7e elementor-widget-icon-box wgl-icon-box media-right elementor-widget elementor-widget-wgl-services-6\" data-id=\"8f89c7e\" data-element_type=\"widget\" data-e-type=\"widget\" data-settings=\"{&quot;alignment&quot;:&quot;left&quot;}\" data-widget_type=\"wgl-services-6.default\">\n\t\t\t\t<div class=\"elementor-widget-container\">\n\t\t\t\t\t<div class=\"wgl-services-6 services_left\"><div class=\"wgl-services_wrap\"><div class=\"wgl-services_media-wrap\"><div class=\"wgl-widget_wrapper elementor-icon-box-icon\"><div class=\"wgl-widget_container\"><span class=\"wgl-icon elementor-icon\" ><i class=\"icon flaticon-ecology-2\"><\/i><\/span><\/div><\/div><\/div><div class=\"wgl-services_content-wrap\"><h3 class=\"wgl-services_title\">Maintenance <br> &nbsp;<\/h3><div class=\"wgl-services_text\"><\/div><a class=\"wgl-services_readmore\"><i class=\"flaticon-plus\"><\/i><\/a><\/div><\/div><\/div>\t\t\t\t<\/div>\n\t\t\t\t<\/div>\n\t\t\t\t\t<\/div>\n\t\t<\/div>\n\t\t\t\t\t<\/div>\n\t\t<\/section>\n\t\t\t\t<section class=\"elementor-section elementor-top-section elementor-element elementor-element-01792e8 elementor-section-boxed elementor-section-height-default elementor-section-height-default\" data-id=\"01792e8\" data-element_type=\"section\" data-e-type=\"section\">\n\t\t\t\t\t\t<div class=\"elementor-container elementor-column-gap-default\">\n\t\t\t\t\t<div class=\"elementor-column elementor-col-100 elementor-top-column elementor-element elementor-element-c9f5f88\" data-id=\"c9f5f88\" data-element_type=\"column\" data-e-type=\"column\">\n\t\t\t<div class=\"elementor-widget-wrap elementor-element-populated\">\n\t\t\t\t\t\t<div class=\"elementor-element elementor-element-8a8ee08 elementor-widget elementor-widget-spacer\" data-id=\"8a8ee08\" data-element_type=\"widget\" data-e-type=\"widget\" data-widget_type=\"spacer.default\">\n\t\t\t\t<div class=\"elementor-widget-container\">\n\t\t\t\t\t\t\t<div class=\"elementor-spacer\">\n\t\t\t<div class=\"elementor-spacer-inner\"><\/div>\n\t\t<\/div>\n\t\t\t\t\t\t<\/div>\n\t\t\t\t<\/div>\n\t\t\t\t\t<\/div>\n\t\t<\/div>\n\t\t\t\t\t<\/div>\n\t\t<\/section>\n\t\t\t\t<\/div>","protected":false},"excerpt":{"rendered":"<p>R\u00fczgar Su Pompas\u0131 Nedir? R\u00fczgar pompas\u0131, sondajlar dahil \u00e7e\u015fitli su kaynaklar\u0131ndan suyu pompalayan bir r\u00fczgar de\u011firmenidir. Pompalanan su, genellikle temiz i\u00e7me suyu sa\u011flamak, tar\u0131m alanlar\u0131n\u0131 sulamak veya hayvanlar\u0131 hidratlamak ve beslemek i\u00e7in kullan\u0131l\u0131r. R\u00fczgar pompalar\u0131 ayr\u0131ca su alt\u0131ndaki alanlar\u0131 a\u015f\u0131r\u0131 sudan hafifletmek ve deniz suyundan tuz \u00fcretmek i\u00e7in kullan\u0131l\u0131r. Genellikle k\u0131rsal, kurak ve yar\u0131 kurak [&hellip;]<\/p>\n","protected":false},"author":3,"featured_media":0,"parent":0,"menu_order":0,"comment_status":"closed","ping_status":"closed","template":"","meta":{"footnotes":""},"class_list":["post-933","page","type-page","status-publish","hentry"],"_links":{"self":[{"href":"https:\/\/www.soyutwindmill.com\/en\/wp-json\/wp\/v2\/pages\/933","targetHints":{"allow":["GET"]}}],"collection":[{"href":"https:\/\/www.soyutwindmill.com\/en\/wp-json\/wp\/v2\/pages"}],"about":[{"href":"https:\/\/www.soyutwindmill.com\/en\/wp-json\/wp\/v2\/types\/page"}],"author":[{"embeddable":true,"href":"https:\/\/www.soyutwindmill.com\/en\/wp-json\/wp\/v2\/users\/3"}],"replies":[{"embeddable":true,"href":"https:\/\/www.soyutwindmill.com\/en\/wp-json\/wp\/v2\/comments?post=933"}],"version-history":[{"count":0,"href":"https:\/\/www.soyutwindmill.com\/en\/wp-json\/wp\/v2\/pages\/933\/revisions"}],"wp:attachment":[{"href":"https:\/\/www.soyutwindmill.com\/en\/wp-json\/wp\/v2\/media?parent=933"}],"curies":[{"name":"wp","href":"https:\/\/api.w.org\/{rel}","templated":true}]}}